{"id":9936,"date":"2023-07-12T13:21:04","date_gmt":"2023-07-12T13:21:04","guid":{"rendered":"http:\/\/www.aksiselektronik.com\/?post_type=product&#038;p=9936"},"modified":"2023-07-12T13:22:33","modified_gmt":"2023-07-12T13:22:33","slug":"zebra-fx7500-sabit-rfid-okuyucu","status":"publish","type":"product","link":"http:\/\/www.aksiselektronik.com\/?product=zebra-fx7500-sabit-rfid-okuyucu","title":{"rendered":"ZEBRA FX7500 Sabit RFID okuyucu"},"content":{"rendered":"<table class=\"blueTable\">\n<table class=\"table-border product-info table table-striped\">\n<tbody>\n<tr>\n<td><strong>\u00dcr\u00fcn \u0130smi<\/strong><\/td>\n<td>Zebra FX7500 RFID Reader<\/td>\n<\/tr>\n<tr>\n<td><strong>Protokol<\/strong><\/td>\n<td>EPCglobal UHF Class 1 Gen2, ISO 18000-6C)<\/td>\n<\/tr>\n<tr>\n<td><strong>Antenler<\/strong><\/td>\n<td>\u00a02 ve 4 port anten \u015feklinde ayarlanm\u0131\u015ft\u0131r.<\/td>\n<\/tr>\n<tr>\n<td><strong>Maksimum alg\u0131lama hassasiyet<\/strong><\/td>\n<td>\u00a0-82 dB<\/td>\n<\/tr>\n<tr>\n<td><strong>RF \u0130letim g\u00fcc\u00fc<\/strong><\/td>\n<td>\u00a0+10.0 to +31-.5 dBm (harici g\u00fc\u00e7 kayna\u011f\u0131 ile)-<\/td>\n<\/tr>\n<tr>\n<td><strong>Uygulama Aray\u00fcz\u00fc<\/strong><\/td>\n<td>Host Applications \u2013 .NET, C and Java EMDK;<br \/>\nEmbedded Applications \u2013 C &amp; Java SDK<\/td>\n<\/tr>\n<tr>\n<td><strong>\u00c7evresel koruma<\/strong><\/td>\n<td>IP52<\/td>\n<\/tr>\n<tr>\n<td><strong>\u00d6l\u00e7\u00fcleri<\/strong><\/td>\n<td>\u00a019.56 cm L x 14.99 cm W x 4.32 cm D)<\/td>\n<\/tr>\n<tr>\n<td><strong>A\u011f\u0131rl\u0131k<\/strong><\/td>\n<td>860g<\/td>\n<\/tr>\n<tr>\n<td><strong>G\u00fc\u00e7 kayna\u011f\u0131 se\u00e7enekleri<\/strong><\/td>\n<td>10 dBm to +31.5 dBm (POE+, 12V ~ 48V External DC, Universal 24V DC Power Supply); +10 dBm to +30.0 dBm (POE)<\/td>\n<\/tr>\n<tr>\n<td><strong>GPIO<\/strong><\/td>\n<td>4 giri\u015f (3-30V) \/ 4 \u00e7\u0131k\u0131\u015f, optik izoleli, 0-30V<\/td>\n<\/tr>\n<tr>\n<td><strong>\u00c7al\u0131\u015fma S\u0131cakl\u0131\u011f\u0131<\/strong><\/td>\n<td>-20\u00b0 to +55\u00b0 C<\/td>\n<\/tr>\n<tr>\n<td><strong>USB<\/strong><\/td>\n<td>10\/100 BaseT Ethernet (RJ45) w\/ POE support; USB Client (USB Type<br \/>\nB), USB Host Port (Type A)<\/td>\n<\/tr>\n<\/tbody>\n<\/table>\n","protected":false},"excerpt":{"rendered":"<div class=\"row mb-4\">\n<div class=\"col\">\n<div class=\"tab-container\">\n<div id=\"tab-content2\" class=\"tab-content active\">\n<table class=\"table-border product-info table table-striped\">\n<tbody>\n<tr>\n<td><strong>Marka<\/strong><\/td>\n<td>Zebra<\/td>\n<\/tr>\n<tr>\n<td><strong>Model<\/strong><\/td>\n<td>\u00a0FX7500<\/td>\n<\/tr>\n<\/tbody>\n<\/table>\n<\/div>\n<\/div>\n<\/div>\n<\/div>\n","protected":false},"featured_media":9931,"comment_status":"closed","ping_status":"closed","template":"","meta":[],"product_cat":[52,58],"product_tag":[],"_links":{"self":[{"href":"http:\/\/www.aksiselektronik.com\/index.php?rest_route=\/wp\/v2\/product\/9936"}],"collection":[{"href":"http:\/\/www.aksiselektronik.com\/index.php?rest_route=\/wp\/v2\/product"}],"about":[{"href":"http:\/\/www.aksiselektronik.com\/index.php?rest_route=\/wp\/v2\/types\/product"}],"replies":[{"embeddable":true,"href":"http:\/\/www.aksiselektronik.com\/index.php?rest_route=%2Fwp%2Fv2%2Fcomments&post=9936"}],"wp:featuredmedia":[{"embeddable":true,"href":"http:\/\/www.aksiselektronik.com\/index.php?rest_route=\/wp\/v2\/media\/9931"}],"wp:attachment":[{"href":"http:\/\/www.aksiselektronik.com\/index.php?rest_route=%2Fwp%2Fv2%2Fmedia&parent=9936"}],"wp:term":[{"taxonomy":"product_cat","embeddable":true,"href":"http:\/\/www.aksiselektronik.com\/index.php?rest_route=%2Fwp%2Fv2%2Fproduct_cat&post=9936"},{"taxonomy":"product_tag","embeddable":true,"href":"http:\/\/www.aksiselektronik.com\/index.php?rest_route=%2Fwp%2Fv2%2Fproduct_tag&post=9936"}],"curies":[{"name":"wp","href":"https:\/\/api.w.org\/{rel}","templated":true}]}}