{"id":9935,"date":"2023-07-12T13:18:37","date_gmt":"2023-07-12T13:18:37","guid":{"rendered":"http:\/\/www.aksiselektronik.com\/?post_type=product&#038;p=9935"},"modified":"2023-07-12T13:20:25","modified_gmt":"2023-07-12T13:20:25","slug":"impinj-speedway-readers","status":"publish","type":"product","link":"http:\/\/www.aksiselektronik.com\/?product=impinj-speedway-readers","title":{"rendered":"Impinj Speedway readers"},"content":{"rendered":"<table class=\"blueTable\">\n<tbody>\n<tr>\n<td><strong>\u00dcr\u00fcn \u0130smi<\/strong><\/td>\n<td>Impinj Speedway readers<\/td>\n<\/tr>\n<tr>\n<td><strong>Protokol<\/strong><\/td>\n<td>\u00a0EPCglobal UHF Class 1 Gen 2 \/ ISO 18000-6C<\/td>\n<\/tr>\n<tr>\n<td><strong>Antenler<\/strong><\/td>\n<td>4 monostatik (RP TNC) anten portu. Impinj antenler i\u00e7in optimize edilmi\u015ftir.<\/td>\n<\/tr>\n<tr>\n<td><strong>Maksimum alg\u0131lama hassasiyet<\/strong><\/td>\n<td>\u00a0-82 dB<\/td>\n<\/tr>\n<tr>\n<td><strong>RF \u0130letim g\u00fcc\u00fc<\/strong><\/td>\n<td>+10.0 \/ +32.5 dBm (harici g\u00fc\u00e7 kayna\u011f\u0131 ile)<\/td>\n<\/tr>\n<tr>\n<td><strong>Uygulama Aray\u00fcz\u00fc<\/strong><\/td>\n<td>\u00a0EPCglobal Low Level Reader Protocol (LLRP) v1.0.1, Speedway Revolution SDK &amp; EDK<\/td>\n<\/tr>\n<tr>\n<td><strong>\u00c7evresel koruma<\/strong><\/td>\n<td>IP52<\/td>\n<\/tr>\n<tr>\n<td><strong>\u00d6l\u00e7\u00fcleri<\/strong><\/td>\n<td>(Y x G x D)19 x 17.5 x 3 cm<\/td>\n<\/tr>\n<tr>\n<td><strong>A\u011f\u0131rl\u0131k<\/strong><\/td>\n<td>700g<\/td>\n<\/tr>\n<tr>\n<td><strong>G\u00fc\u00e7 kayna\u011f\u0131 se\u00e7enekleri<\/strong><\/td>\n<td>Power over Ethernet (PoE) IEEE 802.3af, +24 VDC @ 800mA harici g\u00fc\u00e7 kayna\u011f\u0131 ile (ayr\u0131ca sat\u0131l\u0131r)<\/td>\n<\/tr>\n<tr>\n<td><strong>GPIO<\/strong><\/td>\n<td>\u00a04 giri\u015f (3-30V) \/ 4 \u00e7\u0131k\u0131\u015f, optik izoleli, 0-30V<\/td>\n<\/tr>\n<tr>\n<td><strong>\u00c7al\u0131\u015fma S\u0131cakl\u0131\u011f\u0131<\/strong><\/td>\n<td>\u00a0-20 C \/ +50 C<\/td>\n<\/tr>\n<tr>\n<td><strong>USB<\/strong><\/td>\n<td>\u00a0USB 1.1 Device (Type B) and Host (Type A) ports \u2022 USB Virtual COM Serial Port and USB drive support for embedded applications\u201d<\/td>\n<\/tr>\n<\/tbody>\n<\/table>\n","protected":false},"excerpt":{"rendered":"<div class=\"row mb-4\">\n<div class=\"col\">\n<div class=\"tab-container\">\n<div id=\"tab-content2\" class=\"tab-content active\">\n<table class=\"table-border product-info table table-striped\">\n<tbody>\n<tr>\n<td><strong>Marka<\/strong><\/td>\n<td>Impinj<\/td>\n<\/tr>\n<tr>\n<td><strong>Model<\/strong><\/td>\n<td>Speedway readers<\/td>\n<\/tr>\n<\/tbody>\n<\/table>\n<\/div>\n<\/div>\n<\/div>\n<\/div>\n","protected":false},"featured_media":9933,"comment_status":"closed","ping_status":"closed","template":"","meta":[],"product_cat":[52,58],"product_tag":[],"_links":{"self":[{"href":"http:\/\/www.aksiselektronik.com\/index.php?rest_route=\/wp\/v2\/product\/9935"}],"collection":[{"href":"http:\/\/www.aksiselektronik.com\/index.php?rest_route=\/wp\/v2\/product"}],"about":[{"href":"http:\/\/www.aksiselektronik.com\/index.php?rest_route=\/wp\/v2\/types\/product"}],"replies":[{"embeddable":true,"href":"http:\/\/www.aksiselektronik.com\/index.php?rest_route=%2Fwp%2Fv2%2Fcomments&post=9935"}],"wp:featuredmedia":[{"embeddable":true,"href":"http:\/\/www.aksiselektronik.com\/index.php?rest_route=\/wp\/v2\/media\/9933"}],"wp:attachment":[{"href":"http:\/\/www.aksiselektronik.com\/index.php?rest_route=%2Fwp%2Fv2%2Fmedia&parent=9935"}],"wp:term":[{"taxonomy":"product_cat","embeddable":true,"href":"http:\/\/www.aksiselektronik.com\/index.php?rest_route=%2Fwp%2Fv2%2Fproduct_cat&post=9935"},{"taxonomy":"product_tag","embeddable":true,"href":"http:\/\/www.aksiselektronik.com\/index.php?rest_route=%2Fwp%2Fv2%2Fproduct_tag&post=9935"}],"curies":[{"name":"wp","href":"https:\/\/api.w.org\/{rel}","templated":true}]}}