{"id":9925,"date":"2023-07-12T13:09:26","date_gmt":"2023-07-12T13:09:26","guid":{"rendered":"http:\/\/www.aksiselektronik.com\/?post_type=product&#038;p=9925"},"modified":"2023-07-12T13:16:02","modified_gmt":"2023-07-12T13:16:02","slug":"granding-sc403-sifre-ve-kart-oyucu-proximity","status":"publish","type":"product","link":"http:\/\/www.aksiselektronik.com\/?product=granding-sc403-sifre-ve-kart-oyucu-proximity","title":{"rendered":"Granding SC403 \u015eifre ve Kart Oyucu (Proximity)"},"content":{"rendered":"<div class=\"row mb-4\">\n<div class=\"col\">\n<div class=\"tab-container\">\n<div id=\"tab-content2\" class=\"tab-content active\">\n<table width=\"100%\">\n<table class=\"table-border product-info table table-striped\">\n<tbody>\n<tr>\n<td colspan=\"2\"><strong>Granding SC403 \u015eifre ve Kart Oyucu (Proximity)<\/strong><\/td>\n<\/tr>\n<tr>\n<td width=\"31%\" height=\"21\"><strong>Okuma Tipi<\/strong><\/td>\n<td width=\"69%\">Proximity Kart<\/td>\n<\/tr>\n<tr>\n<td><strong>Ge\u00e7i\u015f \u0130zni<\/strong><\/td>\n<td>Kart ve\/veya \u015eifre<\/td>\n<\/tr>\n<tr>\n<td><strong>Tan\u0131ma Mesafesi<\/strong><\/td>\n<td>5 cm<\/td>\n<\/tr>\n<tr>\n<td><strong>Kullan\u0131c\u0131 Kapasitesi<\/strong><\/td>\n<td>30.000<\/td>\n<\/tr>\n<tr>\n<td><strong>Cihaz Men\u00fcs\u00fc<\/strong><\/td>\n<td>T\u00fcrk\u00e7e<\/td>\n<\/tr>\n<tr>\n<td height=\"24\"><strong>Tu\u015f Tak\u0131m\u0131<\/strong><\/td>\n<td>4&#215;4<\/td>\n<\/tr>\n<tr>\n<td><strong>Log Kayd\u0131<\/strong><\/td>\n<td>50.000<\/td>\n<\/tr>\n<tr>\n<td><strong>Ekran Tipi<\/strong><\/td>\n<td>Lcd<\/td>\n<\/tr>\n<tr>\n<td><strong>Ekran \u00d6l\u00e7\u00fcs\u00fc<\/strong><\/td>\n<td>4&#215;16<\/td>\n<\/tr>\n<tr>\n<td><strong>Sesli Uyar\u0131<\/strong><\/td>\n<td>Var<\/td>\n<\/tr>\n<tr>\n<td><strong>\u00c7al\u0131\u015fma Voltaj\u0131<\/strong><\/td>\n<td>12v DC<\/td>\n<\/tr>\n<tr>\n<td><strong>G\u00fc\u00e7 T\u00fcketimi<\/strong><\/td>\n<td>400mAh<\/td>\n<\/tr>\n<tr>\n<td><b>\u00c7al\u0131\u015fma S\u0131cakl\u0131\u011f\u0131<\/b><\/td>\n<td>0 &#8211; 45 derece<\/td>\n<\/tr>\n<\/tbody>\n<\/table>\n<\/div>\n<\/div>\n<\/div>\n<\/div>\n","protected":false},"excerpt":{"rendered":"<div class=\"row mb-4\">\n<div class=\"col\">\n<div class=\"tab-container\">\n<div id=\"tab-content2\" class=\"tab-content active\">\n<table class=\"table-border product-info table table-striped\">\n<tbody>\n<tr>\n<td><strong>Marka<\/strong><\/td>\n<td>Granding<\/td>\n<\/tr>\n<tr>\n<td><strong>Model<\/strong><\/td>\n<td>SC403<\/td>\n<\/tr>\n<\/tbody>\n<\/table>\n<\/div>\n<\/div>\n<\/div>\n<\/div>\n","protected":false},"featured_media":9929,"comment_status":"closed","ping_status":"closed","template":"","meta":[],"product_cat":[52,57],"product_tag":[],"_links":{"self":[{"href":"http:\/\/www.aksiselektronik.com\/index.php?rest_route=\/wp\/v2\/product\/9925"}],"collection":[{"href":"http:\/\/www.aksiselektronik.com\/index.php?rest_route=\/wp\/v2\/product"}],"about":[{"href":"http:\/\/www.aksiselektronik.com\/index.php?rest_route=\/wp\/v2\/types\/product"}],"replies":[{"embeddable":true,"href":"http:\/\/www.aksiselektronik.com\/index.php?rest_route=%2Fwp%2Fv2%2Fcomments&post=9925"}],"wp:featuredmedia":[{"embeddable":true,"href":"http:\/\/www.aksiselektronik.com\/index.php?rest_route=\/wp\/v2\/media\/9929"}],"wp:attachment":[{"href":"http:\/\/www.aksiselektronik.com\/index.php?rest_route=%2Fwp%2Fv2%2Fmedia&parent=9925"}],"wp:term":[{"taxonomy":"product_cat","embeddable":true,"href":"http:\/\/www.aksiselektronik.com\/index.php?rest_route=%2Fwp%2Fv2%2Fproduct_cat&post=9925"},{"taxonomy":"product_tag","embeddable":true,"href":"http:\/\/www.aksiselektronik.com\/index.php?rest_route=%2Fwp%2Fv2%2Fproduct_tag&post=9925"}],"curies":[{"name":"wp","href":"https:\/\/api.w.org\/{rel}","templated":true}]}}