{"id":9923,"date":"2023-07-12T13:09:12","date_gmt":"2023-07-12T13:09:12","guid":{"rendered":"http:\/\/www.aksiselektronik.com\/?post_type=product&#038;p=9923"},"modified":"2023-07-12T13:13:43","modified_gmt":"2023-07-12T13:13:43","slug":"granding-fa3000-yuz-tanima-sistemi","status":"publish","type":"product","link":"http:\/\/www.aksiselektronik.com\/?product=granding-fa3000-yuz-tanima-sistemi","title":{"rendered":"Granding FA3000 Y\u00fcz Tan\u0131ma Sistemi"},"content":{"rendered":"<table class=\"table-border product-info table table-striped\">\n<tbody>\n<tr>\n<td><strong>\u00dcretici Kodu<\/strong><\/td>\n<td>FA3000<\/td>\n<td class=\"text-center\" width=\"50\"><\/td>\n<\/tr>\n<tr>\n<td><strong>Ekran Tipi<\/strong><\/td>\n<td>TFT<\/td>\n<td class=\"text-center\" width=\"50\"><\/td>\n<\/tr>\n<tr>\n<td><strong>Kart Kapasitesi<\/strong><\/td>\n<td>1,000<\/td>\n<td class=\"text-center\" width=\"50\"><\/td>\n<\/tr>\n<tr>\n<td><strong>Parmak \u0130zi Kapasitesi<\/strong><\/td>\n<td>Yok<\/td>\n<td class=\"text-center\" width=\"50\"><\/td>\n<\/tr>\n<tr>\n<td><strong>Y\u00fcz Tan\u0131ma Kapasitesi<\/strong><\/td>\n<td>1000<\/td>\n<td class=\"text-center\" width=\"50\"><\/td>\n<\/tr>\n<tr>\n<td><strong>Avu\u00e7 \u0130\u00e7i Kapasitesi<\/strong><\/td>\n<td>1000<\/td>\n<td class=\"text-center\" width=\"50\"><\/td>\n<\/tr>\n<tr>\n<td><strong>G\u00fc\u00e7 Kayna\u011f\u0131<\/strong><\/td>\n<td>12V\/3A<\/td>\n<td class=\"text-center\" width=\"50\"><\/td>\n<\/tr>\n<tr>\n<td><strong>Ba\u011flant\u0131 Tipi<\/strong><\/td>\n<td>USB<\/td>\n<td class=\"text-center\" width=\"50\"><\/td>\n<\/tr>\n<tr>\n<td><strong>Boyutlar<\/strong><\/td>\n<td>72.94&#215;157.94&#215;23 mm<\/td>\n<td class=\"text-center\" width=\"50\"><\/td>\n<\/tr>\n<tr>\n<td><strong>Garanti<\/strong><\/td>\n<td>2 Y\u0131l<\/td>\n<\/tr>\n<\/tbody>\n<\/table>\n","protected":false},"excerpt":{"rendered":"<div class=\"row mb-4\">\n<div class=\"col\">\n<div class=\"tab-container\">\n<div id=\"tab-content2\" class=\"tab-content active\">\n<table class=\"table-border product-info table table-striped\">\n<tbody>\n<tr>\n<td><strong>Marka<\/strong><\/td>\n<td>Granding<\/td>\n<\/tr>\n<tr>\n<td><strong>Model<\/strong><\/td>\n<td>FA3000<\/td>\n<\/tr>\n<\/tbody>\n<\/table>\n<\/div>\n<\/div>\n<\/div>\n<\/div>\n","protected":false},"featured_media":9928,"comment_status":"closed","ping_status":"closed","template":"","meta":[],"product_cat":[52,57],"product_tag":[],"_links":{"self":[{"href":"http:\/\/www.aksiselektronik.com\/index.php?rest_route=\/wp\/v2\/product\/9923"}],"collection":[{"href":"http:\/\/www.aksiselektronik.com\/index.php?rest_route=\/wp\/v2\/product"}],"about":[{"href":"http:\/\/www.aksiselektronik.com\/index.php?rest_route=\/wp\/v2\/types\/product"}],"replies":[{"embeddable":true,"href":"http:\/\/www.aksiselektronik.com\/index.php?rest_route=%2Fwp%2Fv2%2Fcomments&post=9923"}],"wp:featuredmedia":[{"embeddable":true,"href":"http:\/\/www.aksiselektronik.com\/index.php?rest_route=\/wp\/v2\/media\/9928"}],"wp:attachment":[{"href":"http:\/\/www.aksiselektronik.com\/index.php?rest_route=%2Fwp%2Fv2%2Fmedia&parent=9923"}],"wp:term":[{"taxonomy":"product_cat","embeddable":true,"href":"http:\/\/www.aksiselektronik.com\/index.php?rest_route=%2Fwp%2Fv2%2Fproduct_cat&post=9923"},{"taxonomy":"product_tag","embeddable":true,"href":"http:\/\/www.aksiselektronik.com\/index.php?rest_route=%2Fwp%2Fv2%2Fproduct_tag&post=9923"}],"curies":[{"name":"wp","href":"https:\/\/api.w.org\/{rel}","templated":true}]}}