{"id":9911,"date":"2023-07-12T12:00:38","date_gmt":"2023-07-12T12:00:38","guid":{"rendered":"http:\/\/www.aksiselektronik.com\/?post_type=product&#038;p=9911"},"modified":"2023-07-12T12:28:30","modified_gmt":"2023-07-12T12:28:30","slug":"idata-t1","status":"publish","type":"product","link":"http:\/\/www.aksiselektronik.com\/?product=idata-t1","title":{"rendered":"Idata T1"},"content":{"rendered":"<div class=\"row mb-4\">\n<div class=\"col\">\n<div class=\"tab-container\">\n<div id=\"tab-content2\" class=\"tab-content active\">\n<table class=\"table-border product-info table table-striped\">\n<tbody>\n<tr>\n<td colspan=\"2\"><strong>Idata T1 Teknik \u00d6zellikler<\/strong><\/td>\n<\/tr>\n<tr>\n<td><strong>\u0130\u015fletim Sistemi<\/strong><\/td>\n<td>Android 10<\/td>\n<\/tr>\n<tr>\n<td><strong>\u0130\u015flemci<\/strong><\/td>\n<td>Sekiz \u00e7ekirdekli 2.0GHz y\u00fcksek performansl\u0131 i\u015flemci<\/td>\n<\/tr>\n<tr>\n<td><strong>Bellek (ROM+RAM)<\/strong><\/td>\n<td>16GB + 2GB (Standart), 64GB + 4GB (Opsiyonel)<\/td>\n<\/tr>\n<tr>\n<td><strong>SIM<\/strong><\/td>\n<td>GSM (4G LTE)<\/td>\n<\/tr>\n<tr>\n<td><strong>Ekran Boyutu<\/strong><\/td>\n<td>5.5 in\u00e7 (1440X720) Ekran<\/td>\n<\/tr>\n<tr>\n<td><strong>Barkod Tipi<\/strong><\/td>\n<td>1D\/2D (Karekod Okuyucu)<\/td>\n<\/tr>\n<tr>\n<td><strong>Batarya<\/strong><\/td>\n<td>3.8 V 5000 mAh Batarya<\/td>\n<\/tr>\n<tr>\n<td><strong>D\u00fc\u015fme Dayan\u0131m\u0131<\/strong><\/td>\n<td>IP68 Koruma 1.5 Metreden D\u00fc\u015fmeye Dayan\u0131kl\u0131<\/td>\n<\/tr>\n<tr>\n<td><strong style=\"font-family: inherit; font-size: inherit;\">Bluetooth<\/strong><\/td>\n<td>5.0<\/td>\n<\/tr>\n<tr>\n<td><strong>\u00d6n\/Arka Kamera<\/strong><\/td>\n<td>5Mp\/13Mp<\/td>\n<\/tr>\n<\/tbody>\n<\/table>\n<\/div>\n<\/div>\n<\/div>\n<\/div>\n","protected":false},"excerpt":{"rendered":"<div class=\"row mb-4\">\n<div class=\"col\">\n<div class=\"tab-container\">\n<div id=\"tab-content2\" class=\"tab-content active\">\n<table class=\"table-border product-info table table-striped\">\n<tbody>\n<tr>\n<td><strong>Marka<\/strong><\/td>\n<td>Idata<\/td>\n<\/tr>\n<tr>\n<td><strong>Model<\/strong><\/td>\n<td>T1<\/td>\n<\/tr>\n<\/tbody>\n<\/table>\n<\/div>\n<\/div>\n<\/div>\n<\/div>\n","protected":false},"featured_media":9920,"comment_status":"closed","ping_status":"closed","template":"","meta":[],"product_cat":[52,55],"product_tag":[],"_links":{"self":[{"href":"http:\/\/www.aksiselektronik.com\/index.php?rest_route=\/wp\/v2\/product\/9911"}],"collection":[{"href":"http:\/\/www.aksiselektronik.com\/index.php?rest_route=\/wp\/v2\/product"}],"about":[{"href":"http:\/\/www.aksiselektronik.com\/index.php?rest_route=\/wp\/v2\/types\/product"}],"replies":[{"embeddable":true,"href":"http:\/\/www.aksiselektronik.com\/index.php?rest_route=%2Fwp%2Fv2%2Fcomments&post=9911"}],"wp:featuredmedia":[{"embeddable":true,"href":"http:\/\/www.aksiselektronik.com\/index.php?rest_route=\/wp\/v2\/media\/9920"}],"wp:attachment":[{"href":"http:\/\/www.aksiselektronik.com\/index.php?rest_route=%2Fwp%2Fv2%2Fmedia&parent=9911"}],"wp:term":[{"taxonomy":"product_cat","embeddable":true,"href":"http:\/\/www.aksiselektronik.com\/index.php?rest_route=%2Fwp%2Fv2%2Fproduct_cat&post=9911"},{"taxonomy":"product_tag","embeddable":true,"href":"http:\/\/www.aksiselektronik.com\/index.php?rest_route=%2Fwp%2Fv2%2Fproduct_tag&post=9911"}],"curies":[{"name":"wp","href":"https:\/\/api.w.org\/{rel}","templated":true}]}}