{"id":9910,"date":"2023-07-12T12:00:30","date_gmt":"2023-07-12T12:00:30","guid":{"rendered":"http:\/\/www.aksiselektronik.com\/?post_type=product&#038;p=9910"},"modified":"2023-07-12T12:26:29","modified_gmt":"2023-07-12T12:26:29","slug":"honeywell-eda51","status":"publish","type":"product","link":"http:\/\/www.aksiselektronik.com\/?product=honeywell-eda51","title":{"rendered":"Honeywell EDA51"},"content":{"rendered":"<div class=\"row mb-4\">\n<div class=\"col\">\n<div class=\"tab-container\">\n<div id=\"tab-content2\" class=\"tab-content active\">\n<table class=\"table-border product-info table table-striped\">\n<tbody>\n<tr>\n<td colspan=\"2\"><strong>Honeywell EDA51\u00a0Teknik \u00d6zellikler<\/strong><\/td>\n<\/tr>\n<tr>\n<td><strong>\u0130\u015fletim Sistemi<\/strong><\/td>\n<td>Android 10 i\u015fletim sistemi<\/td>\n<\/tr>\n<tr>\n<td><strong>\u0130\u015flemci<\/strong><\/td>\n<td>Qualcomm Snapdragon SDM450, 1.8 GHz Sekiz \u00c7ekirdekli<\/td>\n<\/tr>\n<tr>\n<td><strong>Bellek<\/strong><\/td>\n<td>4 GB RAM \/64 GB FLASH<\/td>\n<\/tr>\n<tr>\n<td><strong>SIM<\/strong><\/td>\n<td>GSM (4G LTE)<\/td>\n<\/tr>\n<tr>\n<td><strong>Ekran Boyutu<\/strong><\/td>\n<td>12,7 cm (5,0 in\u00e7) 1280 \u00d7 720 Y\u00fcksek \u00c7\u00f6z\u00fcn\u00fcrl\u00fck<\/td>\n<\/tr>\n<tr>\n<td><strong>Barkod Tipi<\/strong><\/td>\n<td>1D\/2D (Karekod Okuyucu)<\/td>\n<\/tr>\n<tr>\n<td><strong>Batarya<\/strong><\/td>\n<td>4000 mAh 3,8 V Li-iyon<\/td>\n<\/tr>\n<tr>\n<td><strong>D\u00fc\u015fme Dayan\u0131m\u0131<\/strong><\/td>\n<td>IP68 Koruma 1.5 Metreden D\u00fc\u015fmeye Dayan\u0131kl\u0131<\/td>\n<\/tr>\n<tr>\n<td><strong>Ba\u011flant\u0131 Tipi<\/strong><\/td>\n<td>Wi-Fi (802.11 a\/b\/g\/n\/ac) \u2013 Bluetooth 4.2<\/td>\n<\/tr>\n<tr>\n<td><strong>\u00d6n\/Arka Kamera<\/strong><\/td>\n<td><strong>\u00a0<\/strong>13 MP<\/td>\n<\/tr>\n<tr>\n<td><strong>Sa\u011flaml\u0131k<\/strong><\/td>\n<td>\u00a0IP54<\/td>\n<\/tr>\n<tr>\n<td><strong>A\u011f\u0131rl\u0131k<\/strong><\/td>\n<td>\u00a0270 g (9.52 oz)<\/td>\n<\/tr>\n<\/tbody>\n<\/table>\n<\/div>\n<\/div>\n<\/div>\n<\/div>\n","protected":false},"excerpt":{"rendered":"<div class=\"row mb-4\">\n<div class=\"col\">\n<div class=\"tab-container\">\n<div id=\"tab-content2\" class=\"tab-content active\">\n<table class=\"table-border product-info table table-striped\">\n<tbody>\n<tr>\n<td><strong>Marka<\/strong><\/td>\n<td>Honeywell<\/td>\n<\/tr>\n<tr>\n<td><strong>Model<\/strong><\/td>\n<td>EDA51<\/td>\n<\/tr>\n<\/tbody>\n<\/table>\n<\/div>\n<\/div>\n<\/div>\n<\/div>\n","protected":false},"featured_media":9919,"comment_status":"closed","ping_status":"closed","template":"","meta":[],"product_cat":[52,55],"product_tag":[],"_links":{"self":[{"href":"http:\/\/www.aksiselektronik.com\/index.php?rest_route=\/wp\/v2\/product\/9910"}],"collection":[{"href":"http:\/\/www.aksiselektronik.com\/index.php?rest_route=\/wp\/v2\/product"}],"about":[{"href":"http:\/\/www.aksiselektronik.com\/index.php?rest_route=\/wp\/v2\/types\/product"}],"replies":[{"embeddable":true,"href":"http:\/\/www.aksiselektronik.com\/index.php?rest_route=%2Fwp%2Fv2%2Fcomments&post=9910"}],"wp:featuredmedia":[{"embeddable":true,"href":"http:\/\/www.aksiselektronik.com\/index.php?rest_route=\/wp\/v2\/media\/9919"}],"wp:attachment":[{"href":"http:\/\/www.aksiselektronik.com\/index.php?rest_route=%2Fwp%2Fv2%2Fmedia&parent=9910"}],"wp:term":[{"taxonomy":"product_cat","embeddable":true,"href":"http:\/\/www.aksiselektronik.com\/index.php?rest_route=%2Fwp%2Fv2%2Fproduct_cat&post=9910"},{"taxonomy":"product_tag","embeddable":true,"href":"http:\/\/www.aksiselektronik.com\/index.php?rest_route=%2Fwp%2Fv2%2Fproduct_tag&post=9910"}],"curies":[{"name":"wp","href":"https:\/\/api.w.org\/{rel}","templated":true}]}}