{"id":9904,"date":"2023-07-12T11:55:21","date_gmt":"2023-07-12T11:55:21","guid":{"rendered":"http:\/\/www.aksiselektronik.com\/?post_type=product&#038;p=9904"},"modified":"2023-07-12T11:58:56","modified_gmt":"2023-07-12T11:58:56","slug":"sunmi-p2-pro-mobil-odeme-el-terminali","status":"publish","type":"product","link":"http:\/\/www.aksiselektronik.com\/?product=sunmi-p2-pro-mobil-odeme-el-terminali","title":{"rendered":"SUNM\u0130 P2 PRO MOB\u0130L \u00d6DEME EL TERM\u0130NAL\u0130"},"content":{"rendered":"<div class=\"row mb-4\">\n<div class=\"col\">\n<div class=\"tab-container\">\n<div id=\"tab-content2\" class=\"tab-content active\">\n<table class=\"table-border product-info table table-striped\">\n<tbody>\n<tr>\n<td colspan=\"2\"><strong>\u0130DATA T1 ANDRO\u0130D EL TERM\u0130NAL\u0130 &#8211; GSM (4G LTE )<\/strong><\/td>\n<\/tr>\n<tr>\n<td><strong>\u0130\u015fletim Sistemi<\/strong><\/td>\n<td>Andorid 7.1 \u0130\u015fletim Sistemi<\/td>\n<\/tr>\n<tr>\n<td><strong>\u0130\u015flemci<\/strong><\/td>\n<td>1.4 GHz Quad-Core \u0130\u015flemci<\/td>\n<\/tr>\n<tr>\n<td><strong>Bellek (ROM+RAM)<\/strong><\/td>\n<td>8 GB Nand Flash ve 1GB RAM<\/td>\n<\/tr>\n<tr>\n<td><strong>SIM<\/strong><\/td>\n<td>Dahili 4G Mod\u00fcl\u00fc ve \u00c7ift SIM Kart Yuvas\u0131<\/td>\n<\/tr>\n<tr>\n<td><strong>Ekran Boyutu<\/strong><\/td>\n<td>1440\u00d7720 \u00c7\u00f6z\u00fcn\u00fcrl\u00fck<\/td>\n<\/tr>\n<tr>\n<td><strong>Barkod Tipi<\/strong><\/td>\n<td>EMV Sertifikal\u0131 Manyetik, Smart Card ve NFC Okuyucular\u0131<\/td>\n<\/tr>\n<tr>\n<td><strong>Batarya<\/strong><\/td>\n<td>7.6V\/2,580 mAh Y\u00fcksek Kapasiteli Pil<\/td>\n<\/tr>\n<tr>\n<td><strong style=\"font-family: inherit; font-size: inherit;\">Bluetooth<\/strong><\/td>\n<td>Bluetooth 4.2, BLE, iBeacon<\/td>\n<\/tr>\n<tr>\n<td><strong>\u00d6n\/Arka Kamera<\/strong><\/td>\n<td>Entegre 5MP Auto Focus Kamera ve QR Okuyucu<\/td>\n<\/tr>\n<\/tbody>\n<\/table>\n<\/div>\n<\/div>\n<\/div>\n<\/div>\n","protected":false},"excerpt":{"rendered":"<div class=\"row mb-4\">\n<div class=\"col\">\n<div class=\"tab-container\">\n<div id=\"tab-content2\" class=\"tab-content active\">\n<table class=\"table-border product-info table table-striped\">\n<tbody>\n<tr>\n<td><strong>Marka<\/strong><\/td>\n<td>SUNM\u0130<\/td>\n<\/tr>\n<tr>\n<td><strong>Model<\/strong><\/td>\n<td>P2 PRO<\/td>\n<\/tr>\n<\/tbody>\n<\/table>\n<\/div>\n<\/div>\n<\/div>\n<\/div>\n","protected":false},"featured_media":9905,"comment_status":"closed","ping_status":"closed","template":"","meta":[],"product_cat":[52,55],"product_tag":[],"_links":{"self":[{"href":"http:\/\/www.aksiselektronik.com\/index.php?rest_route=\/wp\/v2\/product\/9904"}],"collection":[{"href":"http:\/\/www.aksiselektronik.com\/index.php?rest_route=\/wp\/v2\/product"}],"about":[{"href":"http:\/\/www.aksiselektronik.com\/index.php?rest_route=\/wp\/v2\/types\/product"}],"replies":[{"embeddable":true,"href":"http:\/\/www.aksiselektronik.com\/index.php?rest_route=%2Fwp%2Fv2%2Fcomments&post=9904"}],"wp:featuredmedia":[{"embeddable":true,"href":"http:\/\/www.aksiselektronik.com\/index.php?rest_route=\/wp\/v2\/media\/9905"}],"wp:attachment":[{"href":"http:\/\/www.aksiselektronik.com\/index.php?rest_route=%2Fwp%2Fv2%2Fmedia&parent=9904"}],"wp:term":[{"taxonomy":"product_cat","embeddable":true,"href":"http:\/\/www.aksiselektronik.com\/index.php?rest_route=%2Fwp%2Fv2%2Fproduct_cat&post=9904"},{"taxonomy":"product_tag","embeddable":true,"href":"http:\/\/www.aksiselektronik.com\/index.php?rest_route=%2Fwp%2Fv2%2Fproduct_tag&post=9904"}],"curies":[{"name":"wp","href":"https:\/\/api.w.org\/{rel}","templated":true}]}}