{"id":9892,"date":"2023-07-12T07:43:26","date_gmt":"2023-07-12T07:43:26","guid":{"rendered":"http:\/\/www.aksiselektronik.com\/?post_type=product&#038;p=9892"},"modified":"2023-07-12T08:39:20","modified_gmt":"2023-07-12T08:39:20","slug":"posbank-apexa-j1900","status":"publish","type":"product","link":"http:\/\/www.aksiselektronik.com\/?product=posbank-apexa-j1900","title":{"rendered":"POSBANK APEXA J1900"},"content":{"rendered":"<table class=\"product-detail-table\">\n<table class=\"table-border product-info table table-striped\">\n<tbody>\n<tr class=\"detail-title\">\n<td colspan=\"2\">\u0130\u015flemsel<\/td>\n<\/tr>\n<tr>\n<td>\u0130\u015flemci<\/td>\n<td>Intel Celeron J1900 2.0 GHz D\u00f6rt \u00c7ekirdek<\/td>\n<\/tr>\n<tr>\n<td>Ekran Kart\u0131<\/td>\n<td>Onboard Intel HD Graphics<\/td>\n<\/tr>\n<tr>\n<td>RAM<\/td>\n<td>1x 4GB DDR3-1333 Mhz (Maks. 8 GB) (Tek slot)<\/td>\n<\/tr>\n<tr>\n<td>Disk<\/td>\n<td>SATA 2 (3.5 Gb\/s ) 64GB SSD, AHCI deste\u011fi<\/td>\n<\/tr>\n<tr>\n<td>LCD Ekran<\/td>\n<td>15 in\u00e7 TFT LED ekran, 1024&#215;768 \u00e7\u00f6z\u00fcn\u00fcrl\u00fck<\/td>\n<\/tr>\n<tr>\n<td>Dokunmatik<\/td>\n<td>Kapasitif dokunmatik<\/td>\n<\/tr>\n<tr>\n<td>USB<\/td>\n<td>\u00d6nde 4, arkada 2 toplam 6 adet USB 2.0<\/td>\n<\/tr>\n<tr>\n<td>VGA<\/td>\n<td>1x VGA<\/td>\n<\/tr>\n<tr>\n<td>COM<\/td>\n<td>1x 9-pin COM, 2x RJ45 COM<\/td>\n<\/tr>\n<tr>\n<td>LAN<\/td>\n<td>1x RJ-45<\/td>\n<\/tr>\n<tr>\n<td>\u0130\u015fletim Sistemi Deste\u011fi<\/td>\n<td>Windows 7, Windows 8.1, Windows 10 \/ POSReady 7<\/td>\n<\/tr>\n<tr class=\"detail-title\">\n<td colspan=\"2\">\u00c7evresel<\/td>\n<\/tr>\n<tr>\n<td>G\u00fc\u00e7<\/td>\n<td>100~240V AC, 12V 5A adapt\u00f6r<\/td>\n<\/tr>\n<tr>\n<td>\u00c7al\u0131\u015fma S\u0131cakl\u0131\u011f\u0131<\/td>\n<td>0\u00b0C ~ 60\u00b0C (%10 ~ %90 nem)<\/td>\n<\/tr>\n<tr>\n<td>Saklama S\u0131cakl\u0131\u011f\u0131<\/td>\n<td>-20\u00b0C ~ 80\u00b0C (%10 ~ %90 nem)<\/td>\n<\/tr>\n<tr class=\"detail-title\">\n<td colspan=\"2\">Fiziksel<\/td>\n<\/tr>\n<tr>\n<td>Renk<\/td>\n<td>Koyu Gri, Beyaz<\/td>\n<\/tr>\n<tr>\n<td>Boyut<\/td>\n<td>364 x 333 x 210 mm<\/td>\n<\/tr>\n<tr>\n<td>A\u011f\u0131rl\u0131k<\/td>\n<td>5.3 kg<\/td>\n<\/tr>\n<\/tbody>\n<\/table>\n","protected":false},"excerpt":{"rendered":"<div class=\"row mb-4\">\n<div class=\"col\">\n<div class=\"tab-container\">\n<div id=\"tab-content2\" class=\"tab-content active\">\n<table class=\"table-border product-info table table-striped\">\n<tbody>\n<tr>\n<td><strong>Marka<\/strong><\/td>\n<td>POSBANK<\/td>\n<\/tr>\n<tr>\n<td><strong>Model<\/strong><\/td>\n<td>APEXA J1900<\/td>\n<\/tr>\n<\/tbody>\n<\/table>\n<\/div>\n<\/div>\n<\/div>\n<\/div>\n","protected":false},"featured_media":9893,"comment_status":"closed","ping_status":"closed","template":"","meta":[],"product_cat":[52,54],"product_tag":[],"_links":{"self":[{"href":"http:\/\/www.aksiselektronik.com\/index.php?rest_route=\/wp\/v2\/product\/9892"}],"collection":[{"href":"http:\/\/www.aksiselektronik.com\/index.php?rest_route=\/wp\/v2\/product"}],"about":[{"href":"http:\/\/www.aksiselektronik.com\/index.php?rest_route=\/wp\/v2\/types\/product"}],"replies":[{"embeddable":true,"href":"http:\/\/www.aksiselektronik.com\/index.php?rest_route=%2Fwp%2Fv2%2Fcomments&post=9892"}],"wp:featuredmedia":[{"embeddable":true,"href":"http:\/\/www.aksiselektronik.com\/index.php?rest_route=\/wp\/v2\/media\/9893"}],"wp:attachment":[{"href":"http:\/\/www.aksiselektronik.com\/index.php?rest_route=%2Fwp%2Fv2%2Fmedia&parent=9892"}],"wp:term":[{"taxonomy":"product_cat","embeddable":true,"href":"http:\/\/www.aksiselektronik.com\/index.php?rest_route=%2Fwp%2Fv2%2Fproduct_cat&post=9892"},{"taxonomy":"product_tag","embeddable":true,"href":"http:\/\/www.aksiselektronik.com\/index.php?rest_route=%2Fwp%2Fv2%2Fproduct_tag&post=9892"}],"curies":[{"name":"wp","href":"https:\/\/api.w.org\/{rel}","templated":true}]}}