{"id":9889,"date":"2023-07-11T09:51:42","date_gmt":"2023-07-11T09:51:42","guid":{"rendered":"http:\/\/www.aksiselektronik.com\/?post_type=product&#038;p=9889"},"modified":"2023-07-11T09:52:55","modified_gmt":"2023-07-11T09:52:55","slug":"tsc-ttp-244ce-barkod-yazici","status":"publish","type":"product","link":"http:\/\/www.aksiselektronik.com\/?product=tsc-ttp-244ce-barkod-yazici","title":{"rendered":"TSC TTP-244CE Barkod Yaz\u0131c\u0131"},"content":{"rendered":"<table class=\"table-border product-info table table-striped\">\n<tbody>\n<tr>\n<td colspan=\"2\"><strong>TSC TTP-244CE Barkod Yaz\u0131c\u0131 Teknik \u00d6zellikler<\/strong><\/td>\n<\/tr>\n<tr>\n<td>\u00c7\u00f6z\u00fcn\u00fcrl\u00fck<\/td>\n<td>8 nokta \/ mm (203 DPI)<\/td>\n<\/tr>\n<tr>\n<td>Bask\u0131 h\u0131z\u0131<\/td>\n<td>102 mm (4 &#8220;) \/ saniye<\/td>\n<\/tr>\n<tr>\n<td>Bask\u0131 geni\u015fli\u011fi<\/td>\n<td>108 mm(maks)<\/td>\n<\/tr>\n<tr>\n<td>Bask\u0131 uzunlu\u011fu<\/td>\n<td>2.286 mm (90 &#8220;) (maks))<\/td>\n<\/tr>\n<tr>\n<td>Bask\u0131 y\u00f6ntemi<\/td>\n<td>Termal Transfer ve Direkt Termal<\/td>\n<\/tr>\n<tr>\n<td>LCD \/ LED<\/td>\n<td>1 LED (3 renk: ye\u015fil, sar\u0131 ve k\u0131rm\u0131z\u0131)<\/td>\n<\/tr>\n<tr>\n<td>Haf\u0131za RAM<\/td>\n<td>8 MB<\/td>\n<\/tr>\n<tr>\n<td>Flash ROM<\/td>\n<td>4 MB<\/td>\n<\/tr>\n<tr>\n<td>Ribon kapasitesi<\/td>\n<td>110m maksimum<\/td>\n<\/tr>\n<tr>\n<td>Ribon geni\u015fli\u011fi<\/td>\n<td>40 mm ~ 110 mm (1,57 &#8220;~ 4,33&#8221;)<\/td>\n<\/tr>\n<tr>\n<td>Etiket t\u00fcr\u00fc<\/td>\n<td>S\u00fcrekli, bo\u015fluklu kesim etiket<\/td>\n<\/tr>\n<tr>\n<td>Etiket geni\u015fli\u011fi<\/td>\n<td>20 ~ 112 mm (0,79 &#8220;~ 4,4&#8221;)<\/td>\n<\/tr>\n<tr>\n<td>Etiket kal\u0131nl\u0131\u011f\u0131<\/td>\n<td>0,06 ~ 0,19 mm (2,36 ~ 7,49 mil)<\/td>\n<\/tr>\n<tr>\n<td>Etiket kuka \u00e7ap\u0131<\/td>\n<td>25,4 ~ 38,1 mm (1 &#8220;~ 1,5&#8221;)<\/td>\n<\/tr>\n<tr>\n<td>Etiket uzunlu\u011fu<\/td>\n<td>10 ~ 2.286 mm (0,39 &#8220;~ 90&#8221;)<\/td>\n<\/tr>\n<tr>\n<td>Etiket rulo kapasitesi<\/td>\n<td>127 mm (5 &#8220;) OD<\/td>\n<\/tr>\n<tr>\n<td>Aray\u00fcz<\/td>\n<td>USB 2.0 &#8211; RS-232 &#8211; Centronics &#8211; Dahili Ethernet<\/td>\n<\/tr>\n<tr>\n<td>Yaz\u0131l\u0131m deste\u011fi<\/td>\n<td>SAP, Oracle, WHQL 8.1, Windows, Linux, MAC X.11, Mircosoft SQL Server, Bartender<\/td>\n<\/tr>\n<tr>\n<td>Boyut<\/td>\n<td>202 mm (G) x 173 mm (Y) x 258 mm (D) 7,95 &#8220;(G) x 6,81&#8221; (Y) x 10,16 &#8220;(D)<\/td>\n<\/tr>\n<tr>\n<td>A\u011f\u0131rl\u0131k<\/td>\n<td>2,3 kg (5,07 lb)<\/td>\n<\/tr>\n<\/tbody>\n<\/table>\n","protected":false},"excerpt":{"rendered":"<div class=\"row mb-4\">\n<div class=\"col\">\n<div class=\"tab-container\">\n<div id=\"tab-content2\" class=\"tab-content active\">\n<table class=\"table-border product-info table table-striped\">\n<tbody>\n<tr>\n<td><strong>Marka<\/strong><\/td>\n<td>TSC<\/td>\n<\/tr>\n<tr>\n<td><strong>Model<\/strong><\/td>\n<td>TTP-244CE<\/td>\n<\/tr>\n<\/tbody>\n<\/table>\n<\/div>\n<\/div>\n<\/div>\n<\/div>\n","protected":false},"featured_media":9890,"comment_status":"closed","ping_status":"closed","template":"","meta":[],"product_cat":[52,53],"product_tag":[],"_links":{"self":[{"href":"http:\/\/www.aksiselektronik.com\/index.php?rest_route=\/wp\/v2\/product\/9889"}],"collection":[{"href":"http:\/\/www.aksiselektronik.com\/index.php?rest_route=\/wp\/v2\/product"}],"about":[{"href":"http:\/\/www.aksiselektronik.com\/index.php?rest_route=\/wp\/v2\/types\/product"}],"replies":[{"embeddable":true,"href":"http:\/\/www.aksiselektronik.com\/index.php?rest_route=%2Fwp%2Fv2%2Fcomments&post=9889"}],"wp:featuredmedia":[{"embeddable":true,"href":"http:\/\/www.aksiselektronik.com\/index.php?rest_route=\/wp\/v2\/media\/9890"}],"wp:attachment":[{"href":"http:\/\/www.aksiselektronik.com\/index.php?rest_route=%2Fwp%2Fv2%2Fmedia&parent=9889"}],"wp:term":[{"taxonomy":"product_cat","embeddable":true,"href":"http:\/\/www.aksiselektronik.com\/index.php?rest_route=%2Fwp%2Fv2%2Fproduct_cat&post=9889"},{"taxonomy":"product_tag","embeddable":true,"href":"http:\/\/www.aksiselektronik.com\/index.php?rest_route=%2Fwp%2Fv2%2Fproduct_tag&post=9889"}],"curies":[{"name":"wp","href":"https:\/\/api.w.org\/{rel}","templated":true}]}}