{"id":9887,"date":"2023-07-11T09:47:14","date_gmt":"2023-07-11T09:47:14","guid":{"rendered":"http:\/\/www.aksiselektronik.com\/?post_type=product&#038;p=9887"},"modified":"2023-07-11T09:49:27","modified_gmt":"2023-07-11T09:49:27","slug":"godex-ez120-usb-barkod-yazici","status":"publish","type":"product","link":"http:\/\/www.aksiselektronik.com\/?product=godex-ez120-usb-barkod-yazici","title":{"rendered":"Godex EZ120 USB Barkod Yaz\u0131c\u0131"},"content":{"rendered":"<table class=\"table-border product-info table table-striped\">\n<tbody>\n<tr>\n<td colspan=\"2\"><strong>Godex EZ120 USB Barkod Yaz\u0131c\u0131 Teknik \u00d6zellikler<\/strong><\/td>\n<\/tr>\n<tr>\n<td colspan=\"2\">Godex EZ120 USB Barkod Yaz\u0131c\u0131<\/td>\n<\/tr>\n<tr>\n<td>Bask\u0131 metodu<\/td>\n<td>Direkt termal (Ribonsuz Yazd\u0131rma), Termal transfer (Ribonlu Yazd\u0131rma)<\/td>\n<\/tr>\n<tr>\n<td>Bask\u0131 \u00c7\u00f6z\u00fcn\u00fcrl\u00fc\u011f\u00fc<\/td>\n<td>203 DPI (8 dots\/mm)<\/td>\n<\/tr>\n<tr>\n<td>Bask\u0131 h\u0131z\u0131 (Maksimum)<\/td>\n<td>102 mm\/saniye<\/td>\n<\/tr>\n<tr>\n<td>Bask\u0131 uzunlu\u011fu<\/td>\n<td>13 ~ 1092 mm<\/td>\n<\/tr>\n<tr>\n<td>Bask\u0131 geni\u015fli\u011fi<\/td>\n<td>25 mm ~ 104 mm<\/td>\n<\/tr>\n<tr>\n<td>Haf\u0131za<\/td>\n<td>8 MB DRAM, 4 MB Flash ROM<\/td>\n<\/tr>\n<tr>\n<td>\u0130\u015flemci<\/td>\n<td>32 bit RISC i\u015flemci<\/td>\n<\/tr>\n<tr>\n<td>\u0130\u015flem arabirimleri<\/td>\n<td>1 adet d\u00fc\u011fme ve 2 adet LED<\/td>\n<\/tr>\n<tr>\n<td>Haberle\u015fme Standart<\/td>\n<td>LPT, Seri Port (RS-232C) ve USB 2.0<\/td>\n<\/tr>\n<tr>\n<td>Etiket Alg\u0131lama Sens\u00f6rleri<\/td>\n<td>Yans\u0131tmal\u0131 (Solda ve sabit)<\/td>\n<\/tr>\n<tr>\n<td>Bask\u0131 A\u00e7\u0131s\u0131i<\/td>\n<td>0, 90, 180, 270 derece<\/td>\n<\/tr>\n<tr>\n<td>Sertifikalar<\/td>\n<td>CE, FCC, UL, CUL, CCC, RoHS<\/td>\n<\/tr>\n<tr>\n<td colspan=\"2\">F\u0130Z\u0130KSEL<\/td>\n<\/tr>\n<tr>\n<td>Geni\u015flik<\/td>\n<td>186 mm<\/td>\n<\/tr>\n<tr>\n<td>Y\u00fckseklik<\/td>\n<td>153 mm<\/td>\n<\/tr>\n<tr>\n<td>Uzunluk<\/td>\n<td>278 mm<\/td>\n<\/tr>\n<tr>\n<td>A\u011f\u0131rl\u0131k<\/td>\n<td>2.0 kg<\/td>\n<\/tr>\n<tr>\n<td>Kasa<\/td>\n<td>ABS Plastik<\/td>\n<\/tr>\n<tr>\n<td colspan=\"2\">ELEKTR\u0130KSEL<\/td>\n<\/tr>\n<tr>\n<td>G\u00fc\u00e7 giri\u015f \u015fekli<\/td>\n<td>Elektrik kablosu<\/td>\n<\/tr>\n<tr>\n<td>G\u00fc\u00e7 kayna\u011f\u0131 (Giri\u015f)<\/td>\n<td>100V~240V\u00b110%, 1.5A, 50~60Hz<\/td>\n<\/tr>\n<tr>\n<td>G\u00fc\u00e7 kayna\u011f\u0131 (\u00c7\u0131k\u0131\u015f)<\/td>\n<td>24VDC, 2.4A<\/td>\n<\/tr>\n<tr>\n<td colspan=\"2\">\u00c7EVRESEL<\/td>\n<\/tr>\n<tr>\n<td>\u00c7al\u0131\u015fma ortam\u0131 s\u0131cakl\u0131\u011f\u0131<\/td>\n<td>4 \u00b0C ~ 38 \u00b0C<\/td>\n<\/tr>\n<tr>\n<td>Saklama s\u0131cakl\u0131\u011f\u0131<\/td>\n<td>-20 \u00b0C ~ 50 \u00b0C<\/td>\n<\/tr>\n<tr>\n<td>Nem oran\u0131<\/td>\n<td>%0 ~ %90 (Yo\u011fu\u015fmas\u0131z)<\/td>\n<\/tr>\n<tr>\n<td colspan=\"2\">ET\u0130KET<\/td>\n<\/tr>\n<tr>\n<td>Tip<\/td>\n<td>Ara bo\u015fluklu, S\u00fcrekli form, black mark (siyah \u00e7izgi ile ayr\u0131lm\u0131\u015f)<\/td>\n<\/tr>\n<tr>\n<td>Geni\u015flik<\/td>\n<td>25,4 mm ~ 108 mm<\/td>\n<\/tr>\n<tr>\n<td>Kal\u0131nl\u0131k<\/td>\n<td>0.0635 ~ 0.254 mm<\/td>\n<\/tr>\n<tr>\n<td>Kuka i\u00e7 \u00e7ap\u0131<\/td>\n<td>25,4 mm<\/td>\n<\/tr>\n<tr>\n<td>Etiket d\u0131\u015f \u00e7ap\u0131<\/td>\n<td>109 mm (En fazla)<\/td>\n<\/tr>\n<tr>\n<td colspan=\"2\">R\u0130BON<\/td>\n<\/tr>\n<tr>\n<td>Tip<\/td>\n<td>Wax , Wax\/Resin, Resin<\/td>\n<\/tr>\n<tr>\n<td>Sar\u0131m y\u00f6n\u00fc<\/td>\n<td>D\u0131\u015f sar\u0131m<\/td>\n<\/tr>\n<tr>\n<td>Uzunluk<\/td>\n<td>91 metre (En fazla)<\/td>\n<\/tr>\n<tr>\n<td>Geni\u015flik<\/td>\n<td>25,4 mm ~ 110 mm<\/td>\n<\/tr>\n<tr>\n<td>Kuka i\u00e7 \u00e7ap\u0131<\/td>\n<td>13 mm<\/td>\n<\/tr>\n<tr>\n<td>Ribon d\u0131\u015f \u00e7ap\u0131<\/td>\n<td>37 mm<\/td>\n<\/tr>\n<tr>\n<td colspan=\"2\">YAZILIMSAL<\/td>\n<\/tr>\n<tr>\n<td>Windows s\u00fcr\u00fcc\u00fcleri<\/td>\n<td>Win XP \/ Vista \/ 7 \/ 8 \/ 8.1 \/ Win 10, Windows Server 2003 \/ 2008 \/ 2012 (32 Bit &amp; 64 Bit)<\/td>\n<\/tr>\n<tr>\n<td>Linux s\u00fcr\u00fcc\u00fcleri<\/td>\n<td>Destekleniyor<\/td>\n<\/tr>\n<tr>\n<td>Etiket dizayn program\u0131<\/td>\n<td>Bartender UltraLite (\u00dccretsiz)<\/td>\n<\/tr>\n<tr>\n<td>Yard\u0131mc\u0131 programlar<\/td>\n<td>Printer Utility ve Font Utility<\/td>\n<\/tr>\n<tr>\n<td>Desteklenen barkod yaz\u0131m dilleri<\/td>\n<td>PPLA ve PPLB<\/td>\n<\/tr>\n<tr>\n<td>Desteklenen grafik bi\u00e7imleri<\/td>\n<td>PPLA: PCX, BMP, IMG, HEX ,GDI &#8211; PPLB: PCX, Binary raster , GDI<\/td>\n<\/tr>\n<tr>\n<td colspan=\"2\">DESTEKLENEN BARKOD T\u0130PLER\u0130<\/td>\n<\/tr>\n<tr>\n<td>1D<\/td>\n<td>PPLA: Code 39, Code 93,Code 128\/subset A\/B\/C, Codabar, Interleaved 2 of 5, UPC A\/E\/2\/5 add-on, EAN-13\/8, UCC\/EAN 128,<\/p>\n<p>Postnet, Plessey, Interleaved 2 of 5, Interleaved 2 of 5 with a modulo 10 checksum, Interleaved 2 of 5 with a modulo 10 checksum and shipping bearer bars , Code 128, UCC\/EAN Code 128 Random Weight, HBIC, Telepen , FIM<\/p>\n<p>PPLB: Code 39, Code 93, Code 128\/ subset A,B,C, Codabar, Interleaved 2 of 5, Interleaved 2 of 5 with check sum digit, Interleaved 2 of 5 with human readable check digit, Matrix 2 of 5, UPC A\/E 2 and 5 add-on, EAN-8\/13, Code 128UCC, UCC\/EAN, Postnet<\/td>\n<\/tr>\n<tr>\n<td>2D<\/td>\n<td>PPLA: PDF-417, MaxiCode, Data Matrix (ECC200 only) ,QR Code, Composite codes<br \/>\nPPLB: MaxiCode, PDF-417, QR Code, Composite codes<\/td>\n<\/tr>\n<tr>\n<td>Opsiyonel Se\u00e7enekler<\/td>\n<td>Kesici \u00fcnitesi &#8211; Etiket s\u0131y\u0131rma \u00fcnitesi &#8211; RTC (Ger\u00e7ek Zaman Saati) kart\u0131 &#8211; Font kart\u0131 (\u00c7ince, Korece ve Japonca dilleri i\u00e7in) &#8211; Harici etiket kayna\u011f\u0131 \u00fcnitesi &#8211; Argokee klavye &#8211; Argonet Print server<\/td>\n<\/tr>\n<\/tbody>\n<\/table>\n","protected":false},"excerpt":{"rendered":"<div class=\"row mb-4\">\n<div class=\"col\">\n<div class=\"tab-container\">\n<div id=\"tab-content2\" class=\"tab-content active\">\n<table class=\"table-border product-info table table-striped\">\n<tbody>\n<tr>\n<td><strong>Marka<\/strong><\/td>\n<td>Godex<\/td>\n<\/tr>\n<tr>\n<td><strong>Model<\/strong><\/td>\n<td>EZ120<\/td>\n<\/tr>\n<\/tbody>\n<\/table>\n<\/div>\n<\/div>\n<\/div>\n<\/div>\n","protected":false},"featured_media":9888,"comment_status":"closed","ping_status":"closed","template":"","meta":[],"product_cat":[52,53],"product_tag":[],"_links":{"self":[{"href":"http:\/\/www.aksiselektronik.com\/index.php?rest_route=\/wp\/v2\/product\/9887"}],"collection":[{"href":"http:\/\/www.aksiselektronik.com\/index.php?rest_route=\/wp\/v2\/product"}],"about":[{"href":"http:\/\/www.aksiselektronik.com\/index.php?rest_route=\/wp\/v2\/types\/product"}],"replies":[{"embeddable":true,"href":"http:\/\/www.aksiselektronik.com\/index.php?rest_route=%2Fwp%2Fv2%2Fcomments&post=9887"}],"wp:featuredmedia":[{"embeddable":true,"href":"http:\/\/www.aksiselektronik.com\/index.php?rest_route=\/wp\/v2\/media\/9888"}],"wp:attachment":[{"href":"http:\/\/www.aksiselektronik.com\/index.php?rest_route=%2Fwp%2Fv2%2Fmedia&parent=9887"}],"wp:term":[{"taxonomy":"product_cat","embeddable":true,"href":"http:\/\/www.aksiselektronik.com\/index.php?rest_route=%2Fwp%2Fv2%2Fproduct_cat&post=9887"},{"taxonomy":"product_tag","embeddable":true,"href":"http:\/\/www.aksiselektronik.com\/index.php?rest_route=%2Fwp%2Fv2%2Fproduct_tag&post=9887"}],"curies":[{"name":"wp","href":"https:\/\/api.w.org\/{rel}","templated":true}]}}