{"id":9884,"date":"2023-07-11T09:43:34","date_gmt":"2023-07-11T09:43:34","guid":{"rendered":"http:\/\/www.aksiselektronik.com\/?post_type=product&#038;p=9884"},"modified":"2023-07-11T09:44:46","modified_gmt":"2023-07-11T09:44:46","slug":"perkon-tiger-cs95","status":"publish","type":"product","link":"http:\/\/www.aksiselektronik.com\/?product=perkon-tiger-cs95","title":{"rendered":"Perkon Tiger Cs95"},"content":{"rendered":"<div class=\"row mb-4\">\n<div class=\"col\">\n<div class=\"tab-container\">\n<div id=\"tab-content2\" class=\"tab-content active\">\n<table class=\"table-border product-info table table-striped\">\n<tbody>\n<tr>\n<td colspan=\"2\"><strong>Perkon Tiger Cs95 Teknik \u00d6zellikler<\/strong><\/td>\n<\/tr>\n<tr>\n<td><strong>\u00c7al\u0131\u015fma Voltaj\u0131<\/strong><\/td>\n<td>5.\u00b10.25 VDC<\/td>\n<\/tr>\n<tr>\n<td><strong>Ak\u0131m<\/strong><\/td>\n<td>Bekleme:25 mA, \u00c7al\u0131\u015fma:95 mA(Max: 250 mA)<\/td>\n<\/tr>\n<tr>\n<td><strong>I\u015f\u0131k Kayna\u011f\u0131<\/strong><\/td>\n<td>650 nm lazer LED<\/td>\n<\/tr>\n<tr>\n<td><strong>Lazer G\u00fcvenlik Seviyesi<\/strong><\/td>\n<td>China GB Class II, EN60825-1<\/td>\n<\/tr>\n<tr>\n<td><strong>Kod \u00c7\u00f6zme H\u0131z\u0131<\/strong><\/td>\n<td>Saniyede 150<\/td>\n<\/tr>\n<tr>\n<td><strong>Kablosuz ba\u011flant\u0131 mesafesi<\/strong><\/td>\n<td>300 metre<\/td>\n<\/tr>\n<tr>\n<td><strong>ID okuma t\u00fcrleri<\/strong><\/td>\n<td>UPC-A, UPC-E, EAN-8, EAN-13,EAN-ISBN\/ISSN,Code 39, Code 39(Full ASCII) Industrial 2 of 5, Interleave 2 of 5, Matrix 2 of 5,Codabar ,Code 128, Code 93, Code 11 MSI\/Plessy,UK\/Plessy,UCC\/EAN 128, China Post Code GS1 Data Bar,etc.<\/td>\n<\/tr>\n<tr>\n<td><strong>Haf\u0131za<\/strong><\/td>\n<td>55.000 adete kadar<\/td>\n<\/tr>\n<tr>\n<td><strong>Uyar\u0131 Modu<\/strong><\/td>\n<td>Led G\u00f6sterge Buzzer<\/td>\n<\/tr>\n<tr>\n<td><strong>Aray\u00fcz<\/strong><\/td>\n<td>USB, RS -232, Keyboard P\/S 2<\/td>\n<\/tr>\n<tr>\n<td><strong>Tetik Modu<\/strong><\/td>\n<td>Manuel, Ard\u0131\u015f\u0131k Tarama, Otomatik Alg\u0131lama<\/td>\n<\/tr>\n<tr>\n<td><strong>Mod ayar<\/strong><\/td>\n<td>\u0130\u015flevsel Barkodlar\u0131 Tarayarak veya yuva tu\u015flar\u0131yla ayarlay\u0131n<\/td>\n<\/tr>\n<tr>\n<td><strong>S\u0131cakl\u0131k<\/strong><\/td>\n<td>\u00c7al\u0131\u015fma:-18\u00b0C &amp; 50\u00b0C ; Saklama:-40\u00b0C &amp;60\u00b0C<\/td>\n<\/tr>\n<tr>\n<td><strong>Nem<\/strong><\/td>\n<td>5%&amp; 95%(yo\u011funla\u015fmayan)<\/td>\n<\/tr>\n<tr>\n<td><strong>Malzeme<\/strong><\/td>\n<td>ABS+PC<\/td>\n<\/tr>\n<tr>\n<td><strong>Emniyet<\/strong><\/td>\n<td>Betona 1,8 metreden birden fazla d\u00fc\u015f\u00fc\u015fe dayan\u0131kl\u0131<\/td>\n<\/tr>\n<tr>\n<td><strong>\u015earj Modu<\/strong><\/td>\n<td>Mini-USB Kablosu ve \u0130stasyon<\/td>\n<\/tr>\n<\/tbody>\n<\/table>\n<\/div>\n<\/div>\n<\/div>\n<\/div>\n","protected":false},"excerpt":{"rendered":"<div class=\"row mb-4\">\n<div class=\"col\">\n<div class=\"tab-container\">\n<div id=\"tab-content2\" class=\"tab-content active\">\n<table class=\"table-border product-info table table-striped\">\n<tbody>\n<tr>\n<td><strong>Marka<\/strong><\/td>\n<td>Perkon<\/td>\n<\/tr>\n<tr>\n<td><strong>Model<\/strong><\/td>\n<td>Tiger Cs95<\/td>\n<\/tr>\n<\/tbody>\n<\/table>\n<\/div>\n<\/div>\n<\/div>\n<\/div>\n","protected":false},"featured_media":9885,"comment_status":"closed","ping_status":"closed","template":"","meta":[],"product_cat":[52,59],"product_tag":[60],"_links":{"self":[{"href":"http:\/\/www.aksiselektronik.com\/index.php?rest_route=\/wp\/v2\/product\/9884"}],"collection":[{"href":"http:\/\/www.aksiselektronik.com\/index.php?rest_route=\/wp\/v2\/product"}],"about":[{"href":"http:\/\/www.aksiselektronik.com\/index.php?rest_route=\/wp\/v2\/types\/product"}],"replies":[{"embeddable":true,"href":"http:\/\/www.aksiselektronik.com\/index.php?rest_route=%2Fwp%2Fv2%2Fcomments&post=9884"}],"wp:featuredmedia":[{"embeddable":true,"href":"http:\/\/www.aksiselektronik.com\/index.php?rest_route=\/wp\/v2\/media\/9885"}],"wp:attachment":[{"href":"http:\/\/www.aksiselektronik.com\/index.php?rest_route=%2Fwp%2Fv2%2Fmedia&parent=9884"}],"wp:term":[{"taxonomy":"product_cat","embeddable":true,"href":"http:\/\/www.aksiselektronik.com\/index.php?rest_route=%2Fwp%2Fv2%2Fproduct_cat&post=9884"},{"taxonomy":"product_tag","embeddable":true,"href":"http:\/\/www.aksiselektronik.com\/index.php?rest_route=%2Fwp%2Fv2%2Fproduct_tag&post=9884"}],"curies":[{"name":"wp","href":"https:\/\/api.w.org\/{rel}","templated":true}]}}