{"id":9882,"date":"2023-07-11T09:37:18","date_gmt":"2023-07-11T09:37:18","guid":{"rendered":"http:\/\/www.aksiselektronik.com\/?post_type=product&#038;p=9882"},"modified":"2023-07-11T09:42:29","modified_gmt":"2023-07-11T09:42:29","slug":"perkon-tiger-cs26-rf-2d","status":"publish","type":"product","link":"http:\/\/www.aksiselektronik.com\/?product=perkon-tiger-cs26-rf-2d","title":{"rendered":"Perkon Tiger Cs26 Rf 2D"},"content":{"rendered":"<div class=\"row mb-4\">\n<div class=\"col\">\n<div class=\"tab-container\">\n<div id=\"tab-content2\" class=\"tab-content active\">\n<table class=\"table-border product-info table table-striped\">\n<tbody>\n<tr>\n<td colspan=\"2\"><strong>Perkon Tiger Cs26 Rf 2D Teknik \u00d6zellikler<\/strong><\/td>\n<\/tr>\n<tr>\n<td><strong>Teknoloji<\/strong><\/td>\n<td>Lazer<\/td>\n<\/tr>\n<tr>\n<td><strong>I\u015f\u0131k Kayna\u011f\u0131<\/strong><\/td>\n<td>650 nm G\u00f6r\u00fclebilir Lazer Diyot<\/td>\n<\/tr>\n<tr>\n<td><strong>Renk G\u00f6stergeleri<\/strong><\/td>\n<td>Renkli LED g\u00f6sterge<\/td>\n<\/tr>\n<tr>\n<td><strong>A\u011f\u0131rl\u0131k (Kablosuz)<\/strong><\/td>\n<td>China GB Class II, EN60825-1<\/td>\n<\/tr>\n<tr>\n<td><strong>Kod \u00c7\u00f6zme H\u0131z\u0131<\/strong><\/td>\n<td>222 g<\/td>\n<\/tr>\n<tr>\n<td><strong>Tarama H\u0131z\u0131<\/strong><\/td>\n<td>200 tarama\/saniye<\/td>\n<\/tr>\n<tr>\n<td><strong>Okuma Sesi<\/strong><\/td>\n<td>Sesli uyar\u0131<\/td>\n<\/tr>\n<tr>\n<td><strong>Ba\u011flant\u0131<\/strong><\/td>\n<td>USB<\/td>\n<\/tr>\n<tr>\n<td><strong>Standart<\/strong><\/td>\n<td>IEC, CE, FCC Doc<\/td>\n<\/tr>\n<tr>\n<td><strong>\u00c7al\u0131\u015fma S\u0131cakl\u0131\u011f\u0131<\/strong><\/td>\n<td>0\u00b0C to 50\u00b0 C<\/td>\n<\/tr>\n<tr>\n<td><strong>\u00c7al\u0131\u015fma Nemi<\/strong><\/td>\n<td>%5 &#8211; %95<\/td>\n<\/tr>\n<tr>\n<td><strong>D\u00fc\u015fme Dayan\u0131m\u0131<\/strong><\/td>\n<td>1.5 metre<\/td>\n<\/tr>\n<tr>\n<td><strong>Sens\u00f6r \u0130le Alg\u0131lama<\/strong><\/td>\n<td>Mevcut<\/td>\n<\/tr>\n<tr>\n<td><strong>Tetikli Okuma<\/strong><\/td>\n<td>Mevcut<\/td>\n<\/tr>\n<\/tbody>\n<\/table>\n<\/div>\n<\/div>\n<\/div>\n<\/div>\n","protected":false},"excerpt":{"rendered":"<div class=\"row mb-4\">\n<div class=\"col\">\n<div class=\"tab-container\">\n<div id=\"tab-content2\" class=\"tab-content active\">\n<table class=\"table-border product-info table table-striped\">\n<tbody>\n<tr>\n<td><strong>Marka<\/strong><\/td>\n<td>Perkon<\/td>\n<\/tr>\n<tr>\n<td><strong>Model<\/strong><\/td>\n<td>Tiger Cs26 Rf 2D<\/td>\n<\/tr>\n<\/tbody>\n<\/table>\n<\/div>\n<\/div>\n<\/div>\n<\/div>\n","protected":false},"featured_media":9883,"comment_status":"closed","ping_status":"closed","template":"","meta":[],"product_cat":[52,59],"product_tag":[60],"_links":{"self":[{"href":"http:\/\/www.aksiselektronik.com\/index.php?rest_route=\/wp\/v2\/product\/9882"}],"collection":[{"href":"http:\/\/www.aksiselektronik.com\/index.php?rest_route=\/wp\/v2\/product"}],"about":[{"href":"http:\/\/www.aksiselektronik.com\/index.php?rest_route=\/wp\/v2\/types\/product"}],"replies":[{"embeddable":true,"href":"http:\/\/www.aksiselektronik.com\/index.php?rest_route=%2Fwp%2Fv2%2Fcomments&post=9882"}],"wp:featuredmedia":[{"embeddable":true,"href":"http:\/\/www.aksiselektronik.com\/index.php?rest_route=\/wp\/v2\/media\/9883"}],"wp:attachment":[{"href":"http:\/\/www.aksiselektronik.com\/index.php?rest_route=%2Fwp%2Fv2%2Fmedia&parent=9882"}],"wp:term":[{"taxonomy":"product_cat","embeddable":true,"href":"http:\/\/www.aksiselektronik.com\/index.php?rest_route=%2Fwp%2Fv2%2Fproduct_cat&post=9882"},{"taxonomy":"product_tag","embeddable":true,"href":"http:\/\/www.aksiselektronik.com\/index.php?rest_route=%2Fwp%2Fv2%2Fproduct_tag&post=9882"}],"curies":[{"name":"wp","href":"https:\/\/api.w.org\/{rel}","templated":true}]}}