{"id":9833,"date":"2023-07-11T07:37:23","date_gmt":"2023-07-11T07:37:23","guid":{"rendered":"http:\/\/www.aksiselektronik.com\/?page_id=9833"},"modified":"2023-07-14T08:17:02","modified_gmt":"2023-07-14T08:17:02","slug":"iletisim","status":"publish","type":"page","link":"http:\/\/www.aksiselektronik.com\/?page_id=9833","title":{"rendered":"\u0130leti\u015fim"},"content":{"rendered":"\t\t<div data-elementor-type=\"wp-page\" data-elementor-id=\"9833\" class=\"elementor elementor-9833\">\n\t\t\t\t\t\t\t        <section class=\"elementor-section elementor-top-section elementor-element elementor-element-113a728 elementor-section-stretched elementor-section-boxed elementor-section-height-default elementor-section-height-default ct-header-fixed-none ct-column-none ct-row-scroll-none ct-row-gradient--none\" data-id=\"113a728\" data-element_type=\"section\" data-settings=\"{&quot;stretch_section&quot;:&quot;section-stretched&quot;,&quot;background_background&quot;:&quot;classic&quot;}\">\n            \n                        <div class=\"elementor-container elementor-column-gap-extended \">\n                    <div class=\"elementor-column elementor-col-100 elementor-top-column elementor-element elementor-element-b6f7754 ct-column-none col-offset-none col-color-offset-none\" data-id=\"b6f7754\" data-element_type=\"column\">\n            <div class=\"elementor-widget-wrap elementor-element-populated\">\n                                <section class=\"elementor-section elementor-inner-section elementor-element elementor-element-bfbeda3 elementor-section-content-middle elementor-section-boxed elementor-section-height-default elementor-section-height-default ct-header-fixed-none ct-column-none ct-row-scroll-none ct-row-gradient--none\" data-id=\"bfbeda3\" data-element_type=\"section\">\n            \n                        <div class=\"elementor-container elementor-column-gap-extended \">\n                    <div class=\"elementor-column elementor-col-100 elementor-inner-column elementor-element elementor-element-de8ac1a ct-column-none col-offset-none col-color-offset-none\" data-id=\"de8ac1a\" data-element_type=\"column\">\n            <div class=\"elementor-widget-wrap elementor-element-populated\">\n                        \t\t<div class=\"elementor-element elementor-element-8e4adbd elementor-widget elementor-widget-ct_heading\" data-id=\"8e4adbd\" data-element_type=\"widget\" data-widget_type=\"ct_heading.default\">\n\t\t\t\t<div class=\"elementor-widget-container\">\n\t\t\t<div id=\"ct_heading-8e4adbd\" class=\"ct-heading h-align- item-st-default highlight-style1\">\r\n  <div class=\"ct-heading--inner\"> \r\n    <div class=\"ct-inline-css\"  data-css=\"\r\n                                \">\r\n    <\/div>\r\n      <div class=\"item--text-below\">\r\n      <div class=\"ct-inline-css\"  data-css=\"\r\n        \">\r\n      <\/div>\r\n          <\/div>\r\n  \r\n\t\t\t<div class=\"item--sub-title style-icon-right \" data-wow-delay=\"ms\">\r\n                        <span>\r\n                Contact us            <\/span>\r\n                            <svg class=\"svg-right\" xmlns=\"http:\/\/www.w3.org\/2000\/svg\" xmlns:xlink=\"http:\/\/www.w3.org\/1999\/xlink\" width=\"33\" height=\"21\" viewBox=\"0 0 33 21\">\r\n                  <defs>\r\n                    <style>\r\n                      .h-cls-1, .h-cls-2 {\r\n                        fill: none;\r\n                        stroke-width: 3px;\r\n                        fill-rule: evenodd;\r\n                      }\r\n\r\n                      .h-cls-1 {\r\n                        filter: url(#filter);\r\n                      }\r\n\r\n                      .h-cls-2 {\r\n                        filter: url(#filter-2);\r\n                      }\r\n                    <\/style>\r\n                    <filter id=\"right-h-filterct_heading-8e4adbd\" x=\"-0.125\" y=\"-0.094\" width=\"32.406\" height=\"12\" filterUnits=\"userSpaceOnUse\">\r\n                      <feFlood result=\"flood\"\/>\r\n                      <feComposite result=\"composite\" operator=\"in\" in2=\"SourceGraphic\"\/>\r\n                      <feBlend result=\"blend\" in2=\"SourceGraphic\"\/>\r\n                    <\/filter>\r\n                    <filter id=\"right-h-filter-2ct_heading-8e4adbd\" x=\"-10\" y=\"14.594\" width=\"29.656\" height=\"6.406\" filterUnits=\"userSpaceOnUse\">\r\n                      <feFlood result=\"flood\"\/>\r\n                      <feComposite result=\"composite\" operator=\"in\" in2=\"SourceGraphic\"\/>\r\n                      <feBlend result=\"blend\" in2=\"SourceGraphic\"\/>\r\n                    <\/filter>\r\n\r\n                    <linearGradient id=\"right-h-grad1ct_heading-8e4adbd\" x1=\"0%\" y1=\"0%\" x2=\"100%\" y2=\"0%\">\r\n                      <stop offset=\"0%\" style=\"stop-color:#006cff;stop-opacity:1\" \/>\r\n                      <stop offset=\"100%\" style=\"stop-color:#1227b8;stop-opacity:1\" \/>\r\n                    <\/linearGradient>\r\n\r\n                  <\/defs>\r\n                  <g>\r\n                    <g style=\"fill: none; filter: url(#right-h-filterct_heading-8e4adbd)\">\r\n                      <path id=\"right-h-pathct_heading-8e4adbd\" class=\"h-cls-1\" d=\"M-0.117,8.9H27.036s5.078-3.073,0-6.517\" style=\"stroke: inherit; filter: none;\"\/>\r\n                    <\/g>\r\n                    <use xlink:href=\"#right-h-pathct_heading-8e4adbd\" style=\"stroke: url(#right-h-grad1ct_heading-8e4adbd); filter: none; fill: none\"\/>\r\n                    <g style=\"fill: none; filter: url(#right-h-filter-2ct_heading-8e4adbd)\">\r\n                      <path id=\"right-h-bgct_heading-8e4adbd\" class=\"h-cls-2\" d=\"M-9.991,14.594H17.352s5.114,3.027,0,6.422\" style=\"stroke: inherit; filter: none;\"\/>\r\n                    <\/g>\r\n                    <use xlink:href=\"#right-h-bgct_heading-8e4adbd\" style=\"stroke: url(#right-h-grad1ct_heading-8e4adbd); filter: none; fill: none\"\/>\r\n                  <\/g>\r\n                <\/svg>\r\n                    <\/div>\r\n\t    <h3 class=\"item--title st-default \" data-wow-delay=\"ms\">\r\n        <span class=\"ct-text-inner\">Uzmanl\u0131\u011f\u0131m\u0131zla \u0130\u015finizi        <cite class=\"ct-text-highlight\">\r\n            G\u00fcvenli        <\/cite>\r\n         Hale Getirin<\/span>    <\/h3>\r\n  <\/div>\r\n<\/div>\r\n\t\t<\/div>\n\t\t\t\t<\/div>\n\t\t            <\/div>\n        <\/div>\n                            <\/div>\n        <\/section>\n                <section class=\"elementor-section elementor-inner-section elementor-element elementor-element-f0e07f4 elementor-section-content-middle elementor-section-boxed elementor-section-height-default elementor-section-height-default ct-header-fixed-none ct-column-none ct-row-scroll-none ct-row-gradient--none\" data-id=\"f0e07f4\" data-element_type=\"section\">\n            \n                        <div class=\"elementor-container elementor-column-gap-extended \">\n                    <div class=\"elementor-column elementor-col-50 elementor-inner-column elementor-element elementor-element-4714947 ct-column-none col-offset-none col-color-offset-none\" data-id=\"4714947\" data-element_type=\"column\">\n            <div class=\"elementor-widget-wrap elementor-element-populated\">\n                        \t\t<div class=\"elementor-element elementor-element-f3a8568 elementor-widget elementor-widget-ct_fancy_box\" data-id=\"f3a8568\" data-element_type=\"widget\" data-widget_type=\"ct_fancy_box.default\">\n\t\t\t\t<div class=\"elementor-widget-container\">\n\t\t\t<div id=\"ct_fancy_box-f3a8568\" class=\"ct-fancy-box ct-fancy-box-layout1  style1\" data-wow-delay=\"ms\">\r\n    <div class=\"ct-inline-css\"  data-css=\"\r\n        \">\r\n    <\/div>\r\n    <div class=\"item--inner\">\r\n                    <div class=\"item--icon\">\r\n                <i aria-hidden=\"true\" class=\"flaticon flaticon-address\"><\/i>            <\/div>\r\n                        <div class=\"item--meta\">\r\n            <h4 class=\"item--title\">\r\n                            <\/h4>\r\n            <div class=\"item--description\">H. R\u0131fat Pa\u015fa, Y\u00fczer Havuz Sk. Perpa Ticaret Merkezi A Blok Kat 9 No:1217, 34384 \u015ei\u015fli\/\u0130stanbul<\/div>\r\n        <\/div>\r\n    <\/div>\r\n<\/div>\t\t<\/div>\n\t\t\t\t<\/div>\n\t\t\t\t<div class=\"elementor-element elementor-element-56a1ddc elementor-widget elementor-widget-ct_fancy_box\" data-id=\"56a1ddc\" data-element_type=\"widget\" data-widget_type=\"ct_fancy_box.default\">\n\t\t\t\t<div class=\"elementor-widget-container\">\n\t\t\t<div id=\"ct_fancy_box-56a1ddc\" class=\"ct-fancy-box ct-fancy-box-layout1  style1\" data-wow-delay=\"ms\">\r\n    <div class=\"ct-inline-css\"  data-css=\"\r\n        \">\r\n    <\/div>\r\n    <div class=\"item--inner\">\r\n                    <div class=\"item--icon\">\r\n                <i aria-hidden=\"true\" class=\"flaticon flaticon2-phone\"><\/i>            <\/div>\r\n                        <div class=\"item--meta\">\r\n            <h4 class=\"item--title\">\r\n                            <\/h4>\r\n            <div class=\"item--description\">0(535) 731 69 51<\/div>\r\n        <\/div>\r\n    <\/div>\r\n<\/div>\t\t<\/div>\n\t\t\t\t<\/div>\n\t\t\t\t<div class=\"elementor-element elementor-element-a9f2f61 elementor-widget elementor-widget-ct_fancy_box\" data-id=\"a9f2f61\" data-element_type=\"widget\" data-widget_type=\"ct_fancy_box.default\">\n\t\t\t\t<div class=\"elementor-widget-container\">\n\t\t\t<div id=\"ct_fancy_box-a9f2f61\" class=\"ct-fancy-box ct-fancy-box-layout1  style1\" data-wow-delay=\"ms\">\r\n    <div class=\"ct-inline-css\"  data-css=\"\r\n        \">\r\n    <\/div>\r\n    <div class=\"item--inner\">\r\n                    <div class=\"item--icon\">\r\n                <i aria-hidden=\"true\" class=\"flaticon flaticon-email-1\"><\/i>            <\/div>\r\n                        <div class=\"item--meta\">\r\n            <h4 class=\"item--title\">\r\n                            <\/h4>\r\n            <div class=\"item--description\">serhat.aydin@aksiselektronik.com<\/div>\r\n        <\/div>\r\n    <\/div>\r\n<\/div>\t\t<\/div>\n\t\t\t\t<\/div>\n\t\t\t\t<div class=\"elementor-element elementor-element-3e3db78 elementor-widget elementor-widget-ct_text_editor\" data-id=\"3e3db78\" data-element_type=\"widget\" data-widget_type=\"ct_text_editor.default\">\n\t\t\t\t<div class=\"elementor-widget-container\">\n\t\t\t<div id=\"ct_text_editor-3e3db78\" class=\"ct-text-editor \" data-wow-delay=\"ms\">\n\t<div class=\"ct-item--inner\">\n\t\t<div class=\"ct-inline-css\"  data-css=\"\n\t        \t\t\t\">\n\n\t    <\/div>\n\t\t<div class=\"ct-text-editor elementor-clearfix\">\n\t\t\t<p><strong>A\u00e7\u0131klamalar<\/strong><br \/>Tic. Sic. No: \u0130TO 39022-5<\/p><p>Mersis No: 0035040860200019<\/p><p>Sar\u0131gazi V.D.: 035 040 8602<\/p><p>Hesap Bilgisi: Garanti Bankas\u0131<\/p><p>IBAN: TR92 0006 2000 3110 0006 2949 44 Hesap Bilgisi: Akbank<\/p>\t\t\n\t\t<\/div>\n\t<\/div>\n<\/div>\t\t<\/div>\n\t\t\t\t<\/div>\n\t\t            <\/div>\n        <\/div>\n                <div class=\"elementor-column elementor-col-50 elementor-inner-column elementor-element elementor-element-be30ac5 ct-column-none col-offset-none col-color-offset-none\" data-id=\"be30ac5\" data-element_type=\"column\">\n            <div class=\"elementor-widget-wrap elementor-element-populated\">\n                        \t\t<div class=\"elementor-element elementor-element-4754358 elementor-widget elementor-widget-ct_contact_form\" data-id=\"4754358\" data-element_type=\"widget\" data-widget_type=\"ct_contact_form.default\">\n\t\t\t\t<div class=\"elementor-widget-container\">\n\t\t\t    <div class=\"ct-contact-form ct-contact-form-layout1 style1 \">\r\n    \t        <div class=\"ct-contact-form\">\r\n            \n<div class=\"wpcf7 no-js\" id=\"wpcf7-f2218-o1\" lang=\"en-US\" dir=\"ltr\">\n<div class=\"screen-reader-response\"><p role=\"status\" aria-live=\"polite\" aria-atomic=\"true\"><\/p> <ul><\/ul><\/div>\n<form action=\"\/index.php?rest_route=%2Fwp%2Fv2%2Fpages%2F9833#wpcf7-f2218-o1\" method=\"post\" class=\"wpcf7-form init\" aria-label=\"Contact form\" novalidate=\"novalidate\" data-status=\"init\">\n<div style=\"display: none;\">\n<input type=\"hidden\" name=\"_wpcf7\" value=\"2218\" \/>\n<input type=\"hidden\" name=\"_wpcf7_version\" value=\"5.7.7\" \/>\n<input type=\"hidden\" name=\"_wpcf7_locale\" value=\"en_US\" \/>\n<input type=\"hidden\" name=\"_wpcf7_unit_tag\" value=\"wpcf7-f2218-o1\" \/>\n<input type=\"hidden\" name=\"_wpcf7_container_post\" value=\"0\" \/>\n<input type=\"hidden\" name=\"_wpcf7_posted_data_hash\" value=\"\" \/>\n<\/div>\n<div class=\"row\">\n\t<div class=\"input-filled col-lg-6 col-md-6\">\n\t\t<p><span class=\"wpcf7-form-control-wrap\" data-name=\"your-name\"><input size=\"40\" class=\"wpcf7-form-control wpcf7-text wpcf7-validates-as-required\" aria-required=\"true\" aria-invalid=\"false\" placeholder=\"Ad\u0131n\u0131z Soyad\u0131n\u0131z\" value=\"\" type=\"text\" name=\"your-name\" \/><\/span>\n\t\t<\/p>\n\t<\/div>\n\t<div class=\"input-filled col-lg-6 col-md-6\">\n\t\t<p><span class=\"wpcf7-form-control-wrap\" data-name=\"your-email\"><input size=\"40\" class=\"wpcf7-form-control wpcf7-text wpcf7-email wpcf7-validates-as-required wpcf7-validates-as-email\" aria-required=\"true\" aria-invalid=\"false\" placeholder=\"E-Posta\" value=\"\" type=\"email\" name=\"your-email\" \/><\/span>\n\t\t<\/p>\n\t<\/div>\n<\/div>\n<div class=\"row\">\n\t<div class=\"input-filled col-lg-6 col-md-6\">\n\t\t<p><span class=\"wpcf7-form-control-wrap\" data-name=\"your-phone\"><input size=\"40\" class=\"wpcf7-form-control wpcf7-text wpcf7-validates-as-required\" aria-required=\"true\" aria-invalid=\"false\" placeholder=\"Telefon Numaran\u0131z\" value=\"\" type=\"text\" name=\"your-phone\" \/><\/span>\n\t\t<\/p>\n\t<\/div>\n\t<div class=\"input-filled col-lg-6 col-md-6\">\n\t\t<p><span class=\"wpcf7-form-control-wrap\" data-name=\"your-subject\"><input size=\"40\" class=\"wpcf7-form-control wpcf7-text wpcf7-validates-as-required\" aria-required=\"true\" aria-invalid=\"false\" placeholder=\"Konu\" value=\"\" type=\"text\" name=\"your-subject\" \/><\/span>\n\t\t<\/p>\n\t<\/div>\n<\/div>\n<div class=\"row\">\n\t<div class=\"input-filled col-12\">\n\t\t<p><span class=\"wpcf7-form-control-wrap\" data-name=\"your-message\"><textarea cols=\"40\" rows=\"10\" class=\"wpcf7-form-control wpcf7-textarea\" aria-invalid=\"false\" placeholder=\"Mesaj\u0131n\u0131z\" name=\"your-message\"><\/textarea><\/span>\n\t\t<\/p>\n\t<\/div>\n\t<div class=\"input-filled col-12\">\n\t\t<p><button type=\"submit\" class=\"wpcf7-submit btn btn-primary\">G\u00f6nder<\/button>\n\t\t<\/p>\n\t<\/div>\n<\/div><div class=\"wpcf7-response-output\" aria-hidden=\"true\"><\/div>\n<\/form>\n<\/div>\n        <\/div>\r\n    <\/div>\r\n\t\t<\/div>\n\t\t\t\t<\/div>\n\t\t            <\/div>\n        <\/div>\n                            <\/div>\n        <\/section>\n                    <\/div>\n        <\/div>\n                            <\/div>\n        <\/section>\n                <section class=\"elementor-section elementor-top-section elementor-element elementor-element-6479597 elementor-section-full_width elementor-section-stretched elementor-section-height-default elementor-section-height-default ct-header-fixed-none ct-column-none ct-row-scroll-none ct-row-gradient--none ct-container-none\" data-id=\"6479597\" data-element_type=\"section\" data-settings=\"{&quot;stretch_section&quot;:&quot;section-stretched&quot;}\">\n            \n                        <div class=\"elementor-container elementor-column-gap-no \">\n                    <div class=\"elementor-column elementor-col-100 elementor-top-column elementor-element elementor-element-d0525c9 ct-column-none col-offset-none col-color-offset-none\" data-id=\"d0525c9\" data-element_type=\"column\">\n            <div class=\"elementor-widget-wrap elementor-element-populated\">\n                        \t\t<div class=\"elementor-element elementor-element-d46e06c elementor-widget elementor-widget-google_maps\" data-id=\"d46e06c\" data-element_type=\"widget\" data-widget_type=\"google_maps.default\">\n\t\t\t\t<div class=\"elementor-widget-container\">\n\t\t\t<style>\/*! elementor - v3.14.0 - 26-06-2023 *\/\n.elementor-widget-google_maps .elementor-widget-container{overflow:hidden}.elementor-widget-google_maps .elementor-custom-embed{line-height:0}.elementor-widget-google_maps iframe{height:300px}<\/style>\t\t<div class=\"elementor-custom-embed\">\n\t\t\t<iframe loading=\"lazy\"\n\t\t\t\t\tsrc=\"https:\/\/maps.google.com\/maps?q=H.%20R%C4%B1fat%20Pa%C5%9Fa%2C%20Y%C3%BCzer%20Havuz%20Sk.%20Perpa%20Ticaret%20Merkezi%20A%20Blok%20Kat%209%20No%3A1217%2C%2034384%20%C5%9Ei%C5%9Fli%2F%C4%B0stanbul&#038;t=m&#038;z=15&#038;output=embed&#038;iwloc=near\"\n\t\t\t\t\ttitle=\"H. R\u0131fat Pa\u015fa, Y\u00fczer Havuz Sk. Perpa Ticaret Merkezi A Blok Kat 9 No:1217, 34384 \u015ei\u015fli\/\u0130stanbul\"\n\t\t\t\t\taria-label=\"H. R\u0131fat Pa\u015fa, Y\u00fczer Havuz Sk. Perpa Ticaret Merkezi A Blok Kat 9 No:1217, 34384 \u015ei\u015fli\/\u0130stanbul\"\n\t\t\t><\/iframe>\n\t\t<\/div>\n\t\t\t\t<\/div>\n\t\t\t\t<\/div>\n\t\t            <\/div>\n        <\/div>\n                            <\/div>\n        <\/section>\n        \t\t\t\t\t<\/div>\n\t\t","protected":false},"excerpt":{"rendered":"<p>Contact us Uzmanl\u0131\u011f\u0131m\u0131zla \u0130\u015finizi G\u00fcvenli Hale Getirin H. R\u0131fat Pa\u015fa, Y\u00fczer Havuz Sk. Perpa Ticaret Merkezi A Blok Kat 9 No:1217, 34384 \u015ei\u015fli\/\u0130stanbul 0(535) 731 69 51 serhat.aydin@aksiselektronik.com A\u00e7\u0131klamalarTic. Sic. No: \u0130TO 39022-5 Mersis No: 0035040860200019 Sar\u0131gazi V.D.: 035 040 8602 Hesap Bilgisi: Garanti Bankas\u0131 IBAN: TR92 0006 2000 3110 0006 2949 44 Hesap Bilgisi: [&hellip;]<\/p>\n","protected":false},"author":1,"featured_media":0,"parent":0,"menu_order":0,"comment_status":"closed","ping_status":"closed","template":"","meta":[],"_links":{"self":[{"href":"http:\/\/www.aksiselektronik.com\/index.php?rest_route=\/wp\/v2\/pages\/9833"}],"collection":[{"href":"http:\/\/www.aksiselektronik.com\/index.php?rest_route=\/wp\/v2\/pages"}],"about":[{"href":"http:\/\/www.aksiselektronik.com\/index.php?rest_route=\/wp\/v2\/types\/page"}],"author":[{"embeddable":true,"href":"http:\/\/www.aksiselektronik.com\/index.php?rest_route=\/wp\/v2\/users\/1"}],"replies":[{"embeddable":true,"href":"http:\/\/www.aksiselektronik.com\/index.php?rest_route=%2Fwp%2Fv2%2Fcomments&post=9833"}],"version-history":[{"count":16,"href":"http:\/\/www.aksiselektronik.com\/index.php?rest_route=\/wp\/v2\/pages\/9833\/revisions"}],"predecessor-version":[{"id":9958,"href":"http:\/\/www.aksiselektronik.com\/index.php?rest_route=\/wp\/v2\/pages\/9833\/revisions\/9958"}],"wp:attachment":[{"href":"http:\/\/www.aksiselektronik.com\/index.php?rest_route=%2Fwp%2Fv2%2Fmedia&parent=9833"}],"curies":[{"name":"wp","href":"https:\/\/api.w.org\/{rel}","templated":true}]}}