{"id":9751,"date":"2023-07-10T13:03:14","date_gmt":"2023-07-10T13:03:14","guid":{"rendered":"http:\/\/www.aksiselektronik.com\/?page_id=9751"},"modified":"2023-07-10T13:03:14","modified_gmt":"2023-07-10T13:03:14","slug":"guvenlik-ve-alarm-sistemleri","status":"publish","type":"page","link":"http:\/\/www.aksiselektronik.com\/?page_id=9751","title":{"rendered":"G\u00dcVENL\u0130K VE ALARM S\u0130STEMLER\u0130"},"content":{"rendered":"","protected":false},"excerpt":{"rendered":"","protected":false},"author":1,"featured_media":0,"parent":0,"menu_order":0,"comment_status":"closed","ping_status":"closed","template":"","meta":[],"_links":{"self":[{"href":"http:\/\/www.aksiselektronik.com\/index.php?rest_route=\/wp\/v2\/pages\/9751"}],"collection":[{"href":"http:\/\/www.aksiselektronik.com\/index.php?rest_route=\/wp\/v2\/pages"}],"about":[{"href":"http:\/\/www.aksiselektronik.com\/index.php?rest_route=\/wp\/v2\/types\/page"}],"author":[{"embeddable":true,"href":"http:\/\/www.aksiselektronik.com\/index.php?rest_route=\/wp\/v2\/users\/1"}],"replies":[{"embeddable":true,"href":"http:\/\/www.aksiselektronik.com\/index.php?rest_route=%2Fwp%2Fv2%2Fcomments&post=9751"}],"version-history":[{"count":1,"href":"http:\/\/www.aksiselektronik.com\/index.php?rest_route=\/wp\/v2\/pages\/9751\/revisions"}],"predecessor-version":[{"id":9756,"href":"http:\/\/www.aksiselektronik.com\/index.php?rest_route=\/wp\/v2\/pages\/9751\/revisions\/9756"}],"wp:attachment":[{"href":"http:\/\/www.aksiselektronik.com\/index.php?rest_route=%2Fwp%2Fv2%2Fmedia&parent=9751"}],"curies":[{"name":"wp","href":"https:\/\/api.w.org\/{rel}","templated":true}]}}